{"id":14,"date":"2020-04-28T23:27:11","date_gmt":"2020-04-28T21:27:11","guid":{"rendered":"https:\/\/www.choamgoldberg.com\/?page_id=14"},"modified":"2025-12-15T10:55:04","modified_gmt":"2025-12-15T09:55:04","slug":"bio","status":"publish","type":"page","link":"https:\/\/www.choamgoldberg.com\/","title":{"rendered":"Choam Goldberg"},"content":{"rendered":"<p><strong><img loading=\"lazy\" decoding=\"async\" class=\"alignright wp-image-5 size-thumbnail\" src=\"https:\/\/www.choamgoldberg.com\/wp-content\/uploads\/2020\/04\/choamgoldbergblack2-150x150.jpg\" alt=\"\" width=\"150\" height=\"150\" srcset=\"https:\/\/www.choamgoldberg.com\/wp-content\/uploads\/2020\/04\/choamgoldbergblack2-150x150.jpg 150w, https:\/\/www.choamgoldberg.com\/wp-content\/uploads\/2020\/04\/choamgoldbergblack2-300x300.jpg 300w, https:\/\/www.choamgoldberg.com\/wp-content\/uploads\/2020\/04\/choamgoldbergblack2-1024x1022.jpg 1024w, https:\/\/www.choamgoldberg.com\/wp-content\/uploads\/2020\/04\/choamgoldbergblack2-768x767.jpg 768w, https:\/\/www.choamgoldberg.com\/wp-content\/uploads\/2020\/04\/choamgoldbergblack2-1536x1533.jpg 1536w, https:\/\/www.choamgoldberg.com\/wp-content\/uploads\/2020\/04\/choamgoldbergblack2-2048x2045.jpg 2048w\" sizes=\"auto, (max-width: 150px) 100vw, 150px\" \/>Pensieri, parole, opere e omissioni.<\/strong><\/p>\n<hr>\n<p>Choam Goldberg nasce da una coppia di insegnanti (lettere lei, matematica lui) l&#8217;11 settembre 1973, pressappoco nelle stesse ore in cui muore Salvador Allende. Grazie all&#8217;influsso genitoriale, Choam cresce afflitto dal pacchetto completo: complessi di inferiorit\u00e0, ansia da prestazione, sindromi di Clance-Imes \u2013 quando pensa a s\u00e9 stesso \u2013 e nel contempo anche di Dunning-Kruger \u2013 quando osserva gli altri. Se ne libera (in parte) in et\u00e0 adulta, dopo soli 23 anni di psicoterapia.<\/p>\n<p>Fin dall\u2019adolescenza, Choam scopre in s\u00e9 una bizzarra e sconcertante tensione verso l\u2019assoluto. Perci\u00f2, giunto alla soglia dell\u2019universit\u00e0, \u00e8 indeciso fra la fisica e la filosofia. Opta per la prima, ma avrebbe sbagliato in ogni caso, ch\u00e9 la certezza esiste solo nella matematica. Al termine degli studi non diventa uno scienziato professionista perch\u00e9 si accorge di essere troppo dispersivo nei propri interessi. Nondimeno la laurea gli basta per acquisire un\u2019infarinatura scientifica e filosofica, della quale mena gran vanto.<\/p>\n<p>Siccome gode nell\u2019usare le parole almeno quanto si diverte nel giocare coi numeri e poich\u00e9 la scienza preferisce raccontarla piuttosto che farla, per guadagnarsi la pagnotta Choam si orienta verso la comunicazione e in particolare verso la divulgazione scientifica. Dopo 17 anni si stufa e si trasferisce con armi e bagagli nel pi\u00f9 affascinante mondo dell\u2019approfondimento culturale, sociale, politico. Finch\u00e9 non si stanca pure di quello, come sempre gli accade quando si occupa di qualcosa per troppo tempo. Ormai raggiunte la mezza et\u00e0 e la relativa crisi esistenziale, avendo accumulato 25 anni di (poco) onorata professione fra articoli, comunicati stampa e servizi radiotelevisivi, realizza che i suoi molti lavori da pennivendolo sono stati di solito poco utili, spesso proprio inutili e talvolta perfino dannosi. Ogni volta costretto a interagire con molti spregevoli esemplari di Homo sapiens, sia fra i suoi datori di lavoro sia fra i suoi lettori e ascoltatori, ne ha ricavato un\u2019inguaribile misantropia. E la convinzione che il giornalismo sia un mestiere disutile nel migliore dei casi e pernicioso nel peggiore.<\/p>\n<p>Oggi Choam conduce vita ritirata ai confini della Mitteleuropa, in un posto in culo all\u2019universo, con Alessandro, al quale si \u00e8 unito in matrimonio in Francia, e la loro figlia, Sofia. Inoltre gode dell\u2019invidiabile privilegio di avere un lavoro fisso ma a tempo parziale, quindi poco oneroso in termini di tempo e di scadenze. Di conseguenza Choam riempie la propria esistenza (quasi) solo con quel cazzo che gli pare, ossia la lettura di saggi, romanzi e fumetti, la visione di film e serie televisive, la scrittura di articoli e libri. Suo unico hobby \u00e8 la cucina, grazie alla quale riesce a nutrirsi in modo compatibile con le sue numerose intolleranze alimentari, che peraltro gli rendono penosa e complicata ogni occasione in cui \u00e8 costretto a mangiare fuori casa. I risultati delle sperimentazioni gastronomiche di Choam sono commestibili e di quando in quando perfino decenti, a detta di Alessandro e Sofia.<\/p>\n<p>Razionalista estremo, Choam rifiuta di credere e preferisce pensare. Dunque non compie atti di fede, fatte eccezioni per l\u2019esistenza di una realt\u00e0 ordinata, regolare e prevedibile esterna alla sua mente e per il rasoio di Occam. Tuttavia sulla prima nutre qualche dubbio, affascinato com\u2019\u00e8 dall\u2019opzione solipsista.<\/p>\n<p>Ateo, comunista, giudeo e frocio, si duole di non essere anche negro e femmina e non poter cos\u00ec rappresentare l\u2019abominio perfetto agli occhi dei fascioleghisti. Si consola pensando che, da qualche parte nel multiverso quantistico, deve esistere pure una versione falasci\u00e0 e femminile di Choam Goldberg. Comunque in questo universo Choam considera peggiori sciagure dell\u2019umanit\u00e0, in ordine di importanza decrescente, i monoteismi abramitici, l\u2019ur-fascismo, il suffragio universale e le \u00abd\u00bb eufoniche a cazzo di cane.<\/p>\n<p>Choam ha avuto un breve flirt con lo stoicismo, ma ben presto ha compreso come esso sia una filosofia troppo benevola verso la specie umana, che egli giudica composta in grande maggioranza da due insiemi: gli idioti e gli ignoranti, con una popolosa intersezione. Questa massa \u00e8 di fatto irredimibile e perci\u00f2 immeritevole di qualsiasi tentativo di recupero alla razionalit\u00e0. Di conseguenza dallo stoicismo Choam si \u00e8 orientato verso un pi\u00f9 aristocratico epicureismo.<\/p>\n<p><a href=\"https:\/\/www.leternoassente.com\/?p=1866\" target=\"_blank\" rel=\"noopener noreferrer\">Nichilista disfattista<\/a> per principio e per esperienza esistenziale, di recente <a href=\"https:\/\/www.leternoassente.com\/?p=2267\" target=\"_blank\" rel=\"noopener noreferrer\">Choam ha abbandonato la propria intransigenza<\/a> e iniziato a concepire un senso nel proprio agire che vada al di l\u00e0 dell&#8217;onanismo intellettuale. Il suo nichilismo rimane comunque del tutto relativo a lui medesimo, senza alcuna pretesa di generalizzazione ad altri.<\/p>\n<p>Sicch\u00e9, contemplata l&#8217;immensa vastit\u00e0 del cazzo che gliene frega e quasi raggiunta l\u2019atarass\u00eca, oggi Choam si diletta con l\u2019antica e nobile arte di demolire le credenze dei beoti e degli insipienti, con lo scopo precipuo di trarne sollazzo lui stesso e in seconda battuta di condividerlo con i pochi appartenenti all&#8217;insieme complemento dei due insiemi di maggioranza. Se poi il perculamento delle superstizioni sortisce anche l&#8217;effetto di far ragionare qualcuno, tanto meglio. Ma non \u00e8 quello lo scopo.<\/p>\n","protected":false},"excerpt":{"rendered":"<p>Pensieri, parole, opere e omissioni. Choam Goldberg nasce da una coppia di insegnanti (lettere lei, matematica lui) l&#8217;11 settembre 1973, pressappoco nelle stesse ore in cui muore Salvador Allende. Grazie all&#8217;influsso genitoriale, Choam cresce afflitto dal pacchetto completo: complessi di &hellip; <a href=\"https:\/\/www.choamgoldberg.com\/\">Continua a leggere<span class=\"meta-nav\">&rarr;<\/span><\/a><\/p>\n","protected":false},"author":1,"featured_media":0,"parent":0,"menu_order":0,"comment_status":"closed","ping_status":"closed","template":"","meta":{"footnotes":""},"class_list":["post-14","page","type-page","status-publish","hentry"],"_links":{"self":[{"href":"https:\/\/www.choamgoldberg.com\/index.php?rest_route=\/wp\/v2\/pages\/14","targetHints":{"allow":["GET"]}}],"collection":[{"href":"https:\/\/www.choamgoldberg.com\/index.php?rest_route=\/wp\/v2\/pages"}],"about":[{"href":"https:\/\/www.choamgoldberg.com\/index.php?rest_route=\/wp\/v2\/types\/page"}],"author":[{"embeddable":true,"href":"https:\/\/www.choamgoldberg.com\/index.php?rest_route=\/wp\/v2\/users\/1"}],"replies":[{"embeddable":true,"href":"https:\/\/www.choamgoldberg.com\/index.php?rest_route=%2Fwp%2Fv2%2Fcomments&post=14"}],"version-history":[{"count":12,"href":"https:\/\/www.choamgoldberg.com\/index.php?rest_route=\/wp\/v2\/pages\/14\/revisions"}],"predecessor-version":[{"id":483,"href":"https:\/\/www.choamgoldberg.com\/index.php?rest_route=\/wp\/v2\/pages\/14\/revisions\/483"}],"wp:attachment":[{"href":"https:\/\/www.choamgoldberg.com\/index.php?rest_route=%2Fwp%2Fv2%2Fmedia&parent=14"}],"curies":[{"name":"wp","href":"https:\/\/api.w.org\/{rel}","templated":true}]}}